{"id":433,"date":"2025-05-28T01:34:26","date_gmt":"2025-05-28T01:34:26","guid":{"rendered":"https:\/\/gelateriaalafrescaestartit.com\/?page_id=433"},"modified":"2025-07-02T16:18:52","modified_gmt":"2025-07-02T16:18:52","slug":"aviso-legal","status":"publish","type":"page","link":"https:\/\/gelateriaalafrescaestartit.com\/en\/legal-notice\/","title":{"rendered":"Legal notice"},"content":{"rendered":"<div data-elementor-type=\"wp-page\" data-elementor-id=\"433\" class=\"elementor elementor-433\" data-elementor-post-type=\"page\">\n\t\t\t\t<div class=\"elementor-element elementor-element-be18ee7 e-flex e-con-boxed e-con e-parent\" data-id=\"be18ee7\" data-element_type=\"container\" data-e-type=\"container\">\n\t\t\t\t\t<div class=\"e-con-inner\">\n\t\t\t\t<div class=\"elementor-element elementor-element-5f04637 elementor-widget elementor-widget-heading\" data-id=\"5f04637\" data-element_type=\"widget\" data-e-type=\"widget\" data-widget_type=\"heading.default\">\n\t\t\t\t\t<h2 class=\"elementor-heading-title elementor-size-default\">Legal notice<\/h2>\t\t\t\t<\/div>\n\t\t\t\t<div class=\"elementor-element elementor-element-2bc3dc8 elementor-widget elementor-widget-text-editor\" data-id=\"2bc3dc8\" data-element_type=\"widget\" data-e-type=\"widget\" data-widget_type=\"text-editor.default\">\n\t\t\t\t\t\t\t\t\t<div class=\"elementor-element elementor-element-7bedd3e elementor-icon-list--layout-traditional elementor-list-item-link-full_width elementor-widget elementor-widget-icon-list\" data-id=\"7bedd3e\" data-element_type=\"widget\" data-widget_type=\"icon-list.default\">\n<div class=\"elementor-widget-container\">\n<p>Welcome to Gelatsalafresca.com, the secure virtual space where you will find everything related to our delicious ice cream brand. In accordance with article 10 of Law 34\/2002, of 11 July, on Information Society Services and Electronic Commerce, we provide you with the following information:<\/p>\n<\/div>\n<\/div>\n<div class=\"elementor-element elementor-element-f0188ce elementor-widget elementor-widget-text-editor\" data-id=\"f0188ce\" data-element_type=\"widget\" data-widget_type=\"text-editor.default\">\n<div class=\"elementor-widget-container\">\n<p>1. Identification Data of the Data Controller:<br>- Company name: Neucream Sl.<br>- CIF: B55286108<br>- Registered office: Pg. Mar\u00edtim, 39, 17258 L'Estartit, Girona<br>- Email: info@neucream.com<br>- Activity: Sale of ice cream in local business.<\/p>\n<p>2. Purpose of the Website:<br>The main purpose of our website is to present our brand and to offer a means of direct contact.<\/p>\n<p>3. Users:<br>By accessing and using our website, you become a USER, accepting our terms of use. However, this does not imply the start of an employment or commercial relationship.<\/p>\n<p>4. Use of the Website and Collection of Information:<br>4.1. Use of the Website:<br>We offer you access to content owned by Neucream Sl. You agree to make appropriate use of the website, refraining from illegal activities or activities that infringe rights.<\/p>\n<p>4.2. Data capture:<br>- Contact form: To use this service, the user provides his\/her e-mail address, subject and name.<br>- Tracking cookies: See our cookie policy for more details.<br>- Browsing and IP Address: As you browse the site, data such as IP address and system information is automatically collected.<\/p>\n<p>You can unsubscribe at any time from our services and your data will be protected according to our privacy policy.<\/p>\n<p>5. Intellectual and Industrial Property:<br>All intellectual and industrial property rights of our website and its elements are the property of Neucream Sl. Any unauthorised use of the contents is prohibited.<\/p>\n<p>6. Exclusion of Warranties and Liability:<br>We are not liable for any damages arising from the use of the website, including errors in the content or the transmission of viruses.<\/p>\n<p>7. Modifications:<br>We reserve the right to modify the website and its contents without prior notice.<\/p>\n<p>8. Linking Policy:<br>Links to our website must comply with certain conditions. We are not responsible for the content of external websites.<\/p>\n<p>9. Right of Exclusion:<br>We reserve the right to deny access to users who violate our terms and conditions.<\/p>\n<p>10. General:<br>We will take legal action against breaches of these terms and conditions and misuse of our website.<\/p>\n<p>11. Modification of Conditions and Duration:<br>We reserve the right to modify these terms and conditions and to publish them accordingly.<\/p>\n<p>12. Complaints and queries:<br>If you have any complaints or queries, please contact us at info@gelatsalafresca.com or by post at the above address.<\/p>\n<p>13. Applicable Law and Jurisdiction:<br>Any dispute shall be governed by Spanish law and shall be resolved in the courts of La Bisbal or Girona.<\/p>\n<\/div>\n<\/div>\t\t\t\t\t\t\t\t<\/div>\n\t\t\t\t<div class=\"elementor-element elementor-element-aed15ef elementor-widget elementor-widget-spacer\" data-id=\"aed15ef\" data-element_type=\"widget\" data-e-type=\"widget\" data-widget_type=\"spacer.default\">\n\t\t\t\t\t\t\t<div class=\"elementor-spacer\">\n\t\t\t<div class=\"elementor-spacer-inner\"><\/div>\n\t\t<\/div>\n\t\t\t\t\t\t<\/div>\n\t\t\t\t\t<\/div>\n\t\t\t\t<\/div>\n\t\t\t\t<\/div>","protected":false},"excerpt":{"rendered":"<p>Aviso legal Bienvenido a Gelatsalafresca.com, el espacio virtual seguro donde encontrar\u00e1s todo lo relacionado con nuestra deliciosa marca de helados. Conforme al art\u00edculo 10 de la Ley 34\/2002, de 11 de julio, de Servicios de la Sociedad de la Informaci\u00f3n y del Comercio Electr\u00f3nico, te proporcionamos la siguiente informaci\u00f3n: 1. Datos de Identificaci\u00f3n del Responsable:\u2013 [&hellip;]<\/p>","protected":false},"author":1,"featured_media":0,"parent":0,"menu_order":0,"comment_status":"closed","ping_status":"closed","template":"","meta":{"footnotes":""},"class_list":["post-433","page","type-page","status-publish","hentry"],"_links":{"self":[{"href":"https:\/\/gelateriaalafrescaestartit.com\/en\/wp-json\/wp\/v2\/pages\/433","targetHints":{"allow":["GET"]}}],"collection":[{"href":"https:\/\/gelateriaalafrescaestartit.com\/en\/wp-json\/wp\/v2\/pages"}],"about":[{"href":"https:\/\/gelateriaalafrescaestartit.com\/en\/wp-json\/wp\/v2\/types\/page"}],"author":[{"embeddable":true,"href":"https:\/\/gelateriaalafrescaestartit.com\/en\/wp-json\/wp\/v2\/users\/1"}],"replies":[{"embeddable":true,"href":"https:\/\/gelateriaalafrescaestartit.com\/en\/wp-json\/wp\/v2\/comments?post=433"}],"version-history":[{"count":10,"href":"https:\/\/gelateriaalafrescaestartit.com\/en\/wp-json\/wp\/v2\/pages\/433\/revisions"}],"predecessor-version":[{"id":1345,"href":"https:\/\/gelateriaalafrescaestartit.com\/en\/wp-json\/wp\/v2\/pages\/433\/revisions\/1345"}],"wp:attachment":[{"href":"https:\/\/gelateriaalafrescaestartit.com\/en\/wp-json\/wp\/v2\/media?parent=433"}],"curies":[{"name":"wp","href":"https:\/\/api.w.org\/{rel}","templated":true}]}}