{"id":425,"date":"2025-05-28T01:30:19","date_gmt":"2025-05-28T01:30:19","guid":{"rendered":"https:\/\/gelateriaalafrescaestartit.com\/?page_id=425"},"modified":"2025-07-02T16:15:44","modified_gmt":"2025-07-02T16:15:44","slug":"politicas-de-cookies","status":"publish","type":"page","link":"https:\/\/gelateriaalafrescaestartit.com\/en\/politicas-de-cookies\/","title":{"rendered":"Cookie policies"},"content":{"rendered":"<div data-elementor-type=\"wp-page\" data-elementor-id=\"425\" class=\"elementor elementor-425\" data-elementor-post-type=\"page\">\n\t\t\t\t<div class=\"elementor-element elementor-element-be18ee7 e-flex e-con-boxed e-con e-parent\" data-id=\"be18ee7\" data-element_type=\"container\" data-e-type=\"container\">\n\t\t\t\t\t<div class=\"e-con-inner\">\n\t\t\t\t<div class=\"elementor-element elementor-element-5f04637 elementor-widget elementor-widget-heading\" data-id=\"5f04637\" data-element_type=\"widget\" data-e-type=\"widget\" data-widget_type=\"heading.default\">\n\t\t\t\t\t<h2 class=\"elementor-heading-title elementor-size-default\">Pol\u00edtica de Cookies<\/h2>\t\t\t\t<\/div>\n\t\t\t\t<div class=\"elementor-element elementor-element-2bc3dc8 elementor-widget elementor-widget-text-editor\" data-id=\"2bc3dc8\" data-element_type=\"widget\" data-e-type=\"widget\" data-widget_type=\"text-editor.default\">\n\t\t\t\t\t\t\t\t\t<p>Tras una auditor\u00eda realizada para la informaci\u00f3n sobre las Cookies que se usan en esta web, te informamos:<\/p>\n<p><strong>NUESTRA POL\u00cdTICA DE COOKIES<\/strong><\/p>\n<p>La LSSI-CE, obliga a todos los que tenemos un blog o una web a advertir al usuario de la existencia de cookies, informar sobre ellas y requerirle permiso para descargarlas.<\/p>\n<p>Siguiendo lo establecido en el art. 22.2 de la Ley 34\/2002. \u201cLos prestadores de servicios podr\u00e1n utilizar dispositivos de almacenamiento y recuperaci\u00f3n de datos en equipos terminales de los destinatarios, a condici\u00f3n de que los mismos hayan dado su consentimiento despu\u00e9s de que se les haya facilitado informaci\u00f3n clara y completa sobre su utilizaci\u00f3n, en particular, sobre los fines del tratamiento de los datos, con arreglo a lo dispuesto en la Ley Org\u00e1nica 15\/1999, de 13 de diciembre, de Protecci\u00f3n de Datos de Car\u00e1cter Personal\u201d.<\/p>\n<p>Debes conocer que teniendo en cuenta la forma en la que funciona Internet y los sitios web, no siempre es posible contar con informaci\u00f3n actualizada de las cookies que terceras partes puedan utilizar a trav\u00e9s de este sitio web.<\/p>\n<p>Esto se aplica especialmente a casos en los que esta p\u00e1gina web contiene elementos integrados: es decir, textos, documentos, im\u00e1genes o breves pel\u00edculas que se almacenan en otra parte, pero se muestran en nuestro sitio web.<\/p>\n<p>Por consiguiente, en caso de que te encuentres con este tipo de cookies en este sitio web y no est\u00e9n enumeradas en la lista siguiente, te ruego que me lo comuniques. Tambi\u00e9n puedes ponerte en contacto directamente con el tercero para pedirle informaci\u00f3n sobre las cookies que coloca, la finalidad y la duraci\u00f3n de la cookie, y c\u00f3mo ha garantizado su privacidad.<\/p>\n<p><strong>Previo.- \u00bfQu\u00e9 son las Cookies?<\/strong><\/p>\n<p>Las cookies constituyen una herramienta empleada por los servidores Web para almacenar y recuperar informaci\u00f3n acerca de sus visitantes. No es m\u00e1s que un fichero de texto que algunos servidores piden a nuestro navegador que escriba en nuestro disco duro, con informaci\u00f3n acerca de lo que hemos estado haciendo por sus p\u00e1ginas. Poseen una fecha de caducidad, que puede oscilar desde el tiempo que dure la sesi\u00f3n hasta una fecha futura especificada, a partir de la cual dejan de ser operativas.<\/p>\n<p><strong>1. Las cookies que utiliza esta web<\/strong><\/p>\n<p>En esta web se utilizan cookies propias y de terceros para conseguir que tengas una mejor experiencia de navegaci\u00f3n, para mostrarte anuncios en funci\u00f3n a tus intereses y para obtener estad\u00edsticas de usuarios.<\/p>\n<p>Por ello, las cookies empleadas en&nbsp;<a href=\"https:\/\/gelatsalafresca.com\/es\/\" target=\"_new\" rel=\"nofollow noopener\">https:\/\/gelateriaalafrescaestartit.com\/<\/a>&nbsp;se asocian \u00fanicamente con un Usuario an\u00f3nimo y su ordenador, no proporcionan referencias que permitan deducir el nombre y apellidos del Usuario y no pueden leer datos de su disco duro ni incluir virus en sus textos. Asimismo,&nbsp;<a href=\"https:\/\/gelatsalafresca.com\/es\/\" target=\"_new\" rel=\"nofollow noopener\">https:\/\/gelateriaalafrescaestartit.com\/<\/a>&nbsp;no puede leer las cookies implantadas en el disco duro del Usuario desde otros servidores.<\/p>\n<p>El usuario puede libremente decidir acerca de la implantaci\u00f3n o no en su disco duro de las cookies empleadas en&nbsp;<a href=\"https:\/\/gelatsalafresca.com\/es\/\" target=\"_new\" rel=\"nofollow noopener\">https:\/\/gelateriaalafrescaestartit.com\/<\/a>. En este sentido, el usuario puede configurar su navegador para aceptar o rechazar por defecto todas las cookies o para recibir un aviso en pantalla de la recepci\u00f3n de cada cookie y decidir en ese momento su implantaci\u00f3n o no en su disco duro. Para ello le sugerimos consultar la secci\u00f3n de ayuda de su navegador para saber c\u00f3mo cambiar la configuraci\u00f3n que actualmente emplea. Aun cuando el Usuario configurase su navegador para rechazar todas las cookies o rechazase expresamente las cookies de&nbsp;<a href=\"https:\/\/gelatsalafresca.com\/es\/\" target=\"_new\" rel=\"nofollow noopener\">https:\/\/gelateriaalafrescaestartit.com\/<\/a>&nbsp;podr\u00e1s navegar por el Portal con el \u00fanico inconveniente de no poder disfrutar de las funcionalidades del Portal que requieran la instalaci\u00f3n de alguna de ellas. En cualquier caso, el Usuario podr\u00e1 eliminar las cookies implantadas en su disco duro en cualquier momento, siguiendo el procedimiento establecido en la secci\u00f3n de ayuda de su navegador y que posteriormente detallaremos.<\/p>\n<p>Como usuario que eres, puedes rechazar el tratamiento de los datos o la informaci\u00f3n bloqueando estas cookies mediante la configuraci\u00f3n apropiada de tu navegador. Sin embargo, debes saber que, si lo haces, este sitio no funcionar\u00e1 adecuadamente.<\/p>\n<p>Seg\u00fan los t\u00e9rminos incluidos en el art\u00edculo 22.2 de la Ley 34\/2002 de Servicios de la Sociedad de la Informaci\u00f3n y Comercio Electr\u00f3nico, si contin\u00faas navegando, estar\u00e1s prestando tu consentimiento para el empleo de las cookies que detallo a continuaci\u00f3n.<\/p>\n<p><strong>Las cookies de esta web ayudan a:<\/strong><\/p>\n<ul>\n<li>Hacer que esta web funcione correctamente.<\/li>\n<li>Ahorrarte el tener que iniciar sesi\u00f3n cada vez que visitas este sitio.<\/li>\n<li>Recordarte tus ajustes durante y entre las visitas.<\/li>\n<li>Permitirte visualizar videos.<\/li>\n<li>Mejorar la velocidad \/ seguridad del sitio.<\/li>\n<li>Mejorar continuamente de este sitio web.<\/li>\n<li>Mostrarte anuncios en funci\u00f3n de tus h\u00e1bitos de navegaci\u00f3n.<\/li>\n<\/ul>\n<p><strong>No utilizaremos jam\u00e1s cookies para:<\/strong><\/p>\n<ul>\n<li>Recoger informaci\u00f3n de identificaci\u00f3n personal (sin tu permiso expreso).<\/li>\n<li>Recoger informaci\u00f3n sensible (sin tu permiso expreso).<\/li>\n<li>Compartir datos de identificaci\u00f3n personal a terceros.<\/li>\n<\/ul>\n<p><strong>2. Cookies de terceros que utilizamos en esta web y que debes conocer<\/strong><\/p>\n<p>Esta web, como la mayor\u00eda de sitios web, incluye funcionalidades proporcionadas por terceros.<\/p>\n<p>Tambi\u00e9n se ponen a prueba regularmente nuevos dise\u00f1os o servicios de terceros para recomendaciones e informes.<\/p>\n<p>Esto puede modificar ocasionalmente la configuraci\u00f3n de cookies y que aparezcan cookies no detalladas en la presente pol\u00edtica. Es importante que sepas que son cookies provisionales que no siempre es posible informar y que solo tienen finalidades de estudio y valoraci\u00f3n. En ning\u00fan caso se van a utilizar cookies que comprometan tu privacidad.<\/p>\n<p>Entre las cookies de terceros m\u00e1s estables est\u00e1n:<\/p>\n<ul>\n<li>Las generadas por servicios de an\u00e1lisis, concretamente, Google Analytics para ayudar al website a analizar el uso que hacen los Usuarios del sitio web y mejorar la usabilidad del mismo, pero en ning\u00fan caso se asocian a datos que pudieran llegar a identificar al usuario.<\/li>\n<\/ul>\n<p>Google Analytics, es un servicio anal\u00edtico de web prestado por Google, Inc., una compa\u00f1\u00eda de Delaware cuya oficina principal est\u00e1 en 1600 Amphitheatre Parkway, Mountain View (California), CA 94043<\/p>\t\t\t\t\t\t\t\t<\/div>\n\t\t\t\t<div class=\"elementor-element elementor-element-aed15ef elementor-widget elementor-widget-spacer\" data-id=\"aed15ef\" data-element_type=\"widget\" data-e-type=\"widget\" data-widget_type=\"spacer.default\">\n\t\t\t\t\t\t\t<div class=\"elementor-spacer\">\n\t\t\t<div class=\"elementor-spacer-inner\"><\/div>\n\t\t<\/div>\n\t\t\t\t\t\t<\/div>\n\t\t\t\t\t<\/div>\n\t\t\t\t<\/div>\n\t\t\t\t<\/div>","protected":false},"excerpt":{"rendered":"<p>Pol\u00edtica de Cookies Tras una auditor\u00eda realizada para la informaci\u00f3n sobre las Cookies que se usan en esta web, te informamos: NUESTRA POL\u00cdTICA DE COOKIES La LSSI-CE, obliga a todos los que tenemos un blog o una web a advertir al usuario de la existencia de cookies, informar sobre ellas y requerirle permiso para descargarlas. [&hellip;]<\/p>","protected":false},"author":1,"featured_media":0,"parent":0,"menu_order":0,"comment_status":"closed","ping_status":"closed","template":"","meta":{"footnotes":""},"class_list":["post-425","page","type-page","status-publish","hentry"],"_links":{"self":[{"href":"https:\/\/gelateriaalafrescaestartit.com\/en\/wp-json\/wp\/v2\/pages\/425","targetHints":{"allow":["GET"]}}],"collection":[{"href":"https:\/\/gelateriaalafrescaestartit.com\/en\/wp-json\/wp\/v2\/pages"}],"about":[{"href":"https:\/\/gelateriaalafrescaestartit.com\/en\/wp-json\/wp\/v2\/types\/page"}],"author":[{"embeddable":true,"href":"https:\/\/gelateriaalafrescaestartit.com\/en\/wp-json\/wp\/v2\/users\/1"}],"replies":[{"embeddable":true,"href":"https:\/\/gelateriaalafrescaestartit.com\/en\/wp-json\/wp\/v2\/comments?post=425"}],"version-history":[{"count":11,"href":"https:\/\/gelateriaalafrescaestartit.com\/en\/wp-json\/wp\/v2\/pages\/425\/revisions"}],"predecessor-version":[{"id":1341,"href":"https:\/\/gelateriaalafrescaestartit.com\/en\/wp-json\/wp\/v2\/pages\/425\/revisions\/1341"}],"wp:attachment":[{"href":"https:\/\/gelateriaalafrescaestartit.com\/en\/wp-json\/wp\/v2\/media?parent=425"}],"curies":[{"name":"wp","href":"https:\/\/api.w.org\/{rel}","templated":true}]}}