{"id":114,"date":"2025-05-27T01:59:47","date_gmt":"2025-05-27T01:59:47","guid":{"rendered":"https:\/\/gelateriaalafrescaestartit.com\/?page_id=114"},"modified":"2025-07-02T16:28:39","modified_gmt":"2025-07-02T16:28:39","slug":"politicas-de-privacidad","status":"publish","type":"page","link":"https:\/\/gelateriaalafrescaestartit.com\/en\/privacy-policy\/","title":{"rendered":"Privacy policy"},"content":{"rendered":"<div data-elementor-type=\"wp-page\" data-elementor-id=\"114\" class=\"elementor elementor-114\" data-elementor-post-type=\"page\">\n\t\t\t\t<div class=\"elementor-element elementor-element-be18ee7 e-flex e-con-boxed e-con e-parent\" data-id=\"be18ee7\" data-element_type=\"container\" data-e-type=\"container\">\n\t\t\t\t\t<div class=\"e-con-inner\">\n\t\t\t\t<div class=\"elementor-element elementor-element-5f04637 elementor-widget elementor-widget-heading\" data-id=\"5f04637\" data-element_type=\"widget\" data-e-type=\"widget\" data-widget_type=\"heading.default\">\n\t\t\t\t\t<h2 class=\"elementor-heading-title elementor-size-default\">Privacy policy <\/h2>\t\t\t\t<\/div>\n\t\t\t\t<div class=\"elementor-element elementor-element-2bc3dc8 elementor-widget elementor-widget-text-editor\" data-id=\"2bc3dc8\" data-element_type=\"widget\" data-e-type=\"widget\" data-widget_type=\"text-editor.default\">\n\t\t\t\t\t\t\t\t\t<div class=\"elementor-element elementor-element-adc6671 elementor-icon-list--layout-traditional elementor-list-item-link-full_width elementor-widget elementor-widget-icon-list\" data-id=\"adc6671\" data-element_type=\"widget\" data-widget_type=\"icon-list.default\">\n<div class=\"elementor-widget-container\">\n<p>Neucream SL, hereinafter \"Neucream\", informs users that by accepting this Privacy Policy, they give their express consent for the personal data provided through the company's website to be processed and stored in accordance with the following:<\/p>\n<\/div>\n<\/div>\n<div class=\"elementor-element elementor-element-06b54db elementor-widget elementor-widget-text-editor\" data-id=\"06b54db\" data-element_type=\"widget\" data-widget_type=\"text-editor.default\">\n<div class=\"elementor-widget-container\">\n<ul>\n<li><strong>Company name<\/strong>: Neucream SL<\/li>\n<li><strong>VAT NUMBER<\/strong>: B55286108<\/li>\n<li><strong>Registered Office<\/strong>Pg. Mar\u00edtim, 39, 17258 L'Estartit, Girona<\/li>\n<li><strong>Email<\/strong>:&nbsp;<a target=\"_new\">info@neucream.com<\/a><\/li>\n<li><strong>Social Activity<\/strong>: Sale of ice-cream in local business.<\/li>\n<\/ul>\n<p>All personal data will be treated with the technical and organisational security measures required by the applicable legislation.<\/p>\n<p>This Privacy Policy applies only to data collected through the Neucream website and not to information collected by third parties on other websites.<\/p>\n<p><strong>1. Personal data<\/strong><\/p>\n<p>Personal data is any information relating to an individual that the user provides when visiting the website, such as name, e-mail address and address.<\/p>\n<p><strong>2. Purpose of Data Processing<\/strong><\/p>\n<p>The data is collected for the purpose of providing information about the brand, providing contact details for communicating with Neucream and any other purpose related to the company's business.<\/p>\n<p><strong>3. Consent and Legitimation<\/strong><\/p>\n<p>Data processing is carried out with the express consent of the user, which can be revoked at any time.<\/p>\n<p><strong>4. Data Security<\/strong><\/p>\n<p>Neucream implements security measures to protect personal data against unauthorised access, alteration, loss or any form of unauthorised processing.<\/p>\n<p><strong>5. User Rights<\/strong><\/p>\n<p>Users have the right to access, rectify, limit or oppose the processing of their personal data, as well as to request its deletion.<\/p>\n<p><strong>6. Modification of the Privacy Policy<\/strong><\/p>\n<p>Neucream reserves the right to modify its Privacy Policy by giving prior notice of any changes.<\/p>\n<p><strong>7. Data Controller and Data Processors<\/strong><\/p>\n<p>Neucream is responsible for the data file and uses third party services for data processing, such as hosting providers and email platforms.<\/p>\n<p><strong>8. Acceptance, Consent and Revocability<\/strong><\/p>\n<p>Users accept and consent to the processing of their personal data in accordance with Neucream's Privacy Policy, with the right to revoke their consent at any time.<\/p>\n<p><strong>9. Changes to the Privacy Policy<\/strong><\/p>\n<p>Neucream reserves the right to modify its Privacy Policy to adapt it to legislative or industry changes by providing advance notice of any changes.<\/p>\n<p>Users are advised to review the full Privacy Policy on the Neucream website for detailed information about the processing of their personal data.<\/p>\n<\/div>\n<\/div>\t\t\t\t\t\t\t\t<\/div>\n\t\t\t\t<div class=\"elementor-element elementor-element-aed15ef elementor-widget elementor-widget-spacer\" data-id=\"aed15ef\" data-element_type=\"widget\" data-e-type=\"widget\" data-widget_type=\"spacer.default\">\n\t\t\t\t\t\t\t<div class=\"elementor-spacer\">\n\t\t\t<div class=\"elementor-spacer-inner\"><\/div>\n\t\t<\/div>\n\t\t\t\t\t\t<\/div>\n\t\t\t\t\t<\/div>\n\t\t\t\t<\/div>\n\t\t\t\t<\/div>","protected":false},"excerpt":{"rendered":"<p>Pol\u00edticas de privacidad Neucream SL, en adelante \u00abNeucream\u00bb, informa a los usuarios que al aceptar esta Pol\u00edtica de Privacidad, otorgan su consentimiento expreso para que los datos personales proporcionados a trav\u00e9s del sitio web de la empresa sean tratados y almacenados de acuerdo con lo establecido a continuaci\u00f3n: Denominaci\u00f3n Social: Neucream SL CIF: B55286108 Domicilio [&hellip;]<\/p>","protected":false},"author":1,"featured_media":0,"parent":0,"menu_order":0,"comment_status":"closed","ping_status":"closed","template":"","meta":{"footnotes":""},"class_list":["post-114","page","type-page","status-publish","hentry"],"_links":{"self":[{"href":"https:\/\/gelateriaalafrescaestartit.com\/en\/wp-json\/wp\/v2\/pages\/114","targetHints":{"allow":["GET"]}}],"collection":[{"href":"https:\/\/gelateriaalafrescaestartit.com\/en\/wp-json\/wp\/v2\/pages"}],"about":[{"href":"https:\/\/gelateriaalafrescaestartit.com\/en\/wp-json\/wp\/v2\/types\/page"}],"author":[{"embeddable":true,"href":"https:\/\/gelateriaalafrescaestartit.com\/en\/wp-json\/wp\/v2\/users\/1"}],"replies":[{"embeddable":true,"href":"https:\/\/gelateriaalafrescaestartit.com\/en\/wp-json\/wp\/v2\/comments?post=114"}],"version-history":[{"count":10,"href":"https:\/\/gelateriaalafrescaestartit.com\/en\/wp-json\/wp\/v2\/pages\/114\/revisions"}],"predecessor-version":[{"id":1348,"href":"https:\/\/gelateriaalafrescaestartit.com\/en\/wp-json\/wp\/v2\/pages\/114\/revisions\/1348"}],"wp:attachment":[{"href":"https:\/\/gelateriaalafrescaestartit.com\/en\/wp-json\/wp\/v2\/media?parent=114"}],"curies":[{"name":"wp","href":"https:\/\/api.w.org\/{rel}","templated":true}]}}