{"id":108,"date":"2025-05-27T01:58:54","date_gmt":"2025-05-27T01:58:54","guid":{"rendered":"https:\/\/gelateriaalafrescaestartit.com\/?page_id=108"},"modified":"2026-03-09T14:23:53","modified_gmt":"2026-03-09T14:23:53","slug":"conocenos","status":"publish","type":"page","link":"https:\/\/gelateriaalafrescaestartit.com\/en\/get-to-know-us\/","title":{"rendered":"Get to know us"},"content":{"rendered":"<div data-elementor-type=\"wp-page\" data-elementor-id=\"108\" class=\"elementor elementor-108\" data-elementor-post-type=\"page\">\n\t\t\t\t<div class=\"elementor-element elementor-element-4a69629 e-con-full e-flex e-con e-parent\" data-id=\"4a69629\" data-element_type=\"container\" data-e-type=\"container\" data-settings=\"{&quot;background_background&quot;:&quot;classic&quot;}\">\n\t\t<div class=\"elementor-element elementor-element-645e8c0 e-con-full e-flex elementor-invisible e-con e-child\" data-id=\"645e8c0\" data-element_type=\"container\" data-e-type=\"container\" data-settings=\"{&quot;animation&quot;:&quot;fadeInLeft&quot;}\">\n\t\t\t\t<div class=\"elementor-element elementor-element-57b428f elementor-widget elementor-widget-heading\" data-id=\"57b428f\" data-element_type=\"widget\" data-e-type=\"widget\" data-widget_type=\"heading.default\">\n\t\t\t\t\t<h1 class=\"elementor-heading-title elementor-size-default\">Artisan Ice Cream Parlour<\/h1>\t\t\t\t<\/div>\n\t\t\t\t<div class=\"elementor-element elementor-element-1f2cbc5 elementor-widget elementor-widget-heading\" data-id=\"1f2cbc5\" data-element_type=\"widget\" data-e-type=\"widget\" data-widget_type=\"heading.default\">\n\t\t\t\t\t<h2 class=\"elementor-heading-title elementor-size-default\">At Alafresca we make each flavour with love and family tradition. If anything makes us stand out as one of the best artisan ice cream parlours on the Costa Brava, it is our authentic and natural flavours, obtained thanks to locally sourced ingredients that we collect personally.<\/h2>\t\t\t\t<\/div>\n\t\t\t\t<\/div>\n\t\t<div class=\"elementor-element elementor-element-c9940f0 e-con-full e-flex e-con e-child\" data-id=\"c9940f0\" data-element_type=\"container\" data-e-type=\"container\" data-settings=\"{&quot;background_background&quot;:&quot;classic&quot;}\">\n\t\t\t\t<\/div>\n\t\t\t\t<\/div>\n\t\t<div class=\"elementor-element elementor-element-b1aac6f e-con-full e-flex e-con e-parent\" data-id=\"b1aac6f\" data-element_type=\"container\" data-e-type=\"container\">\n\t\t\t\t<div class=\"elementor-element elementor-element-57f1c4d elementor-widget elementor-widget-deensimc-smooth-text\" data-id=\"57f1c4d\" data-element_type=\"widget\" data-e-type=\"widget\" data-widget_type=\"deensimc-smooth-text.default\">\n\t\t\t\t<div class=\"elementor-widget-container\">\n\t\t\t\t\t\t\t<div class=\"deensimc-marquee-main-container deensimc-text-marquee\t\tdeensimc-marquee-pause-on-hover\"\n\t\t\tdata-marquee-speed=\"10\"\n\t\t\tdata-track-fill=\"yes\"\n\t\t\tdata-track-item-selector=\".deensimc-text-wrapper\"\n\t\t\t>\n\t\t\t<div class=\"deensimc-marquee-track-wrapper\">\n\t\t\t\t<div class=\"deensimc-marquee-track\">\n\t\t\t\t\t\t\t\t<div class=\"deensimc-text-wrapper\" aria-hidden=\"false\">\n\t\t\t\t\t\t\t\t\t\t\t\t\t<p class=\"deensimc-scroll-text\">\n\t\t\t\t\t\tIce-cream \ud83c\udf68 Family \u2764\ufe0f Happiness \ud83d\ude01\t\t\t\t\t<\/p>\n\t\t\t\t\t\t\t<\/div>\n\t\t\t\t\t\t<\/div>\n\t\t\t\t<div aria-hidden=\"true\" class=\"deensimc-marquee-track\">\n\t\t\t\t\t\t\t\t<div class=\"deensimc-text-wrapper\" aria-hidden=\"false\">\n\t\t\t\t\t\t\t\t\t\t\t\t\t<p class=\"deensimc-scroll-text\">\n\t\t\t\t\t\tIce-cream \ud83c\udf68 Family \u2764\ufe0f Happiness \ud83d\ude01\t\t\t\t\t<\/p>\n\t\t\t\t\t\t\t<\/div>\n\t\t\t\t\t\t<\/div>\n\t\t\t<\/div>\n\t\t<\/div>\n\t\t\t\t<\/div>\n\t\t\t\t<\/div>\n\t\t\t\t<noscript>\n\t\t\t<div class=\"deensimc-noscript-notice\" role=\"note\">\n\t\t\t\tThis section requires JavaScript to load properly. Please enable JavaScript in your browser and reload the page.\t\t\t<\/div>\n\t\t<\/noscript>\n\t\t<\/div>\n\t\t<div class=\"elementor-element elementor-element-cedcbf8 e-con-full e-flex e-con e-parent\" data-id=\"cedcbf8\" data-element_type=\"container\" data-e-type=\"container\" data-settings=\"{&quot;background_background&quot;:&quot;classic&quot;}\">\n\t\t<div class=\"elementor-element elementor-element-63ce61c e-con-full e-flex e-con e-child\" data-id=\"63ce61c\" data-element_type=\"container\" data-e-type=\"container\" data-settings=\"{&quot;background_background&quot;:&quot;classic&quot;}\">\n\t\t\t\t<\/div>\n\t\t<div class=\"elementor-element elementor-element-b808813 e-con-full e-flex e-con e-child\" data-id=\"b808813\" data-element_type=\"container\" data-e-type=\"container\">\n\t\t\t\t<div class=\"elementor-element elementor-element-5088b73 elementor-widget elementor-widget-heading\" data-id=\"5088b73\" data-element_type=\"widget\" data-e-type=\"widget\" data-widget_type=\"heading.default\">\n\t\t\t\t\t<h2 class=\"elementor-heading-title elementor-size-default\">Unique home-made ice cream<\/h2>\t\t\t\t<\/div>\n\t\t\t\t<div class=\"elementor-element elementor-element-9bebc61 elementor-widget elementor-widget-text-editor\" data-id=\"9bebc61\" data-element_type=\"widget\" data-e-type=\"widget\" data-widget_type=\"text-editor.default\">\n\t\t\t\t\t\t\t\t\t<p><span style=\"font-weight: 400;\">The great thing about creating your own ice creams and selling them in our artisan ice cream shop is being able to listen to our customers. Understanding their tastes, how to improve and grow together with them, who are the ones who ultimately appreciate and enjoy all our types of ice cream.<\/span><\/p>\t\t\t\t\t\t\t\t<\/div>\n\t\t\t\t<\/div>\n\t\t\t\t<\/div>\n\t\t<div class=\"elementor-element elementor-element-0a2c6d5 e-con-full e-flex e-con e-parent\" data-id=\"0a2c6d5\" data-element_type=\"container\" data-e-type=\"container\">\n\t\t<div class=\"elementor-element elementor-element-f37eb82 e-con-full e-flex e-con e-child\" data-id=\"f37eb82\" data-element_type=\"container\" data-e-type=\"container\">\n\t\t\t\t<div class=\"elementor-element elementor-element-14674b2 elementor-widget elementor-widget-heading\" data-id=\"14674b2\" data-element_type=\"widget\" data-e-type=\"widget\" data-widget_type=\"heading.default\">\n\t\t\t\t\t<h2 class=\"elementor-heading-title elementor-size-default\">More than a natural ice cream parlour<\/h2>\t\t\t\t<\/div>\n\t\t\t\t<div class=\"elementor-element elementor-element-072dc03 elementor-widget elementor-widget-text-editor\" data-id=\"072dc03\" data-element_type=\"widget\" data-e-type=\"widget\" data-widget_type=\"text-editor.default\">\n\t\t\t\t\t\t\t\t\t<p><span style=\"font-weight: 400;\">Strawberries, honey, fresh milk, blueberries and chocolate. Many are the ingredients that make us a handmade, natural, healthy and wholesome ice cream. Compared to other ice cream parlours.<\/span><\/p><p><span style=\"font-weight: 400;\">We do not use preservatives or colourings. Our ingredient labels can be understood even by a small child.<\/span><\/p>\t\t\t\t\t\t\t\t<\/div>\n\t\t\t\t<\/div>\n\t\t\t\t<div class=\"elementor-element elementor-element-e011e7e elementor-widget__width-initial elementor-widget elementor-widget-deensimc-smooth-marquee\" data-id=\"e011e7e\" data-element_type=\"widget\" data-e-type=\"widget\" data-widget_type=\"deensimc-smooth-marquee.default\">\n\t\t\t\t<div class=\"elementor-widget-container\">\n\t\t\t\t\t\t\t\t<div class=\"deensimc-marquee-main-container deensimc-image-marquee deensimc-marquee-pause-on-hover\" data-marquee-speed=\"10\" data-track-fill=\"yes\" data-track-item-selector=\"*\">\n\t\t\t\t<div class=\"deensimc-marquee-track-wrapper\">\n\t\t\t\t\t<div class=\"deensimc-marquee-track\">\n\t\t\t\t\t\t<figure class=\"deensimc-img-wrapper\"><div class=\"deensimc-img\"><img decoding=\"async\" class=\"deensimc-marquee-image\" src=\"https:\/\/gelateriaalafrescaestartit.com\/wp-content\/uploads\/2025\/06\/Neucream_entrega_78-1.webp\" loading=\"lazy\" alt=\"Image gallery marquee\"><\/div><figcaption class=\"deensimc-image-marquee-caption\"><\/figcaption><\/figure><figure class=\"deensimc-img-wrapper\"><div class=\"deensimc-img\"><img decoding=\"async\" class=\"deensimc-marquee-image\" src=\"https:\/\/gelateriaalafrescaestartit.com\/wp-content\/uploads\/2025\/06\/Neucream_entrega_66-1.webp\" loading=\"lazy\" alt=\"Image gallery marquee\"><\/div><figcaption class=\"deensimc-image-marquee-caption\"><\/figcaption><\/figure><figure class=\"deensimc-img-wrapper\"><div class=\"deensimc-img\"><img decoding=\"async\" class=\"deensimc-marquee-image\" src=\"https:\/\/gelateriaalafrescaestartit.com\/wp-content\/uploads\/2025\/06\/Neucream_entrega_50.webp\" loading=\"lazy\" alt=\"Image gallery marquee\"><\/div><figcaption class=\"deensimc-image-marquee-caption\"><\/figcaption><\/figure><figure class=\"deensimc-img-wrapper\"><div class=\"deensimc-img\"><img decoding=\"async\" class=\"deensimc-marquee-image\" src=\"https:\/\/gelateriaalafrescaestartit.com\/wp-content\/uploads\/2025\/06\/Neucream_entrega_17-1.webp\" loading=\"lazy\" alt=\"Image gallery marquee\"><\/div><figcaption class=\"deensimc-image-marquee-caption\"><\/figcaption><\/figure><figure class=\"deensimc-img-wrapper\"><div class=\"deensimc-img\"><img decoding=\"async\" class=\"deensimc-marquee-image\" src=\"https:\/\/gelateriaalafrescaestartit.com\/wp-content\/uploads\/2025\/06\/alafresca-49.webp\" loading=\"lazy\" alt=\"Image gallery marquee\"><\/div><figcaption class=\"deensimc-image-marquee-caption\"><\/figcaption><\/figure>\t\t\t\t\t<\/div>\n\t\t\t\t\t<div aria-hidden=\"true\" class=\"deensimc-marquee-track\">\n\t\t\t\t\t\t<figure class=\"deensimc-img-wrapper\"><div class=\"deensimc-img\"><img decoding=\"async\" class=\"deensimc-marquee-image\" src=\"https:\/\/gelateriaalafrescaestartit.com\/wp-content\/uploads\/2025\/06\/Neucream_entrega_78-1.webp\" loading=\"lazy\" alt=\"Image gallery marquee\"><\/div><figcaption class=\"deensimc-image-marquee-caption\"><\/figcaption><\/figure><figure class=\"deensimc-img-wrapper\"><div class=\"deensimc-img\"><img decoding=\"async\" class=\"deensimc-marquee-image\" src=\"https:\/\/gelateriaalafrescaestartit.com\/wp-content\/uploads\/2025\/06\/Neucream_entrega_66-1.webp\" loading=\"lazy\" alt=\"Image gallery marquee\"><\/div><figcaption class=\"deensimc-image-marquee-caption\"><\/figcaption><\/figure><figure class=\"deensimc-img-wrapper\"><div class=\"deensimc-img\"><img decoding=\"async\" class=\"deensimc-marquee-image\" src=\"https:\/\/gelateriaalafrescaestartit.com\/wp-content\/uploads\/2025\/06\/Neucream_entrega_50.webp\" loading=\"lazy\" alt=\"Image gallery marquee\"><\/div><figcaption class=\"deensimc-image-marquee-caption\"><\/figcaption><\/figure><figure class=\"deensimc-img-wrapper\"><div class=\"deensimc-img\"><img decoding=\"async\" class=\"deensimc-marquee-image\" src=\"https:\/\/gelateriaalafrescaestartit.com\/wp-content\/uploads\/2025\/06\/Neucream_entrega_17-1.webp\" loading=\"lazy\" alt=\"Image gallery marquee\"><\/div><figcaption class=\"deensimc-image-marquee-caption\"><\/figcaption><\/figure><figure class=\"deensimc-img-wrapper\"><div class=\"deensimc-img\"><img decoding=\"async\" class=\"deensimc-marquee-image\" src=\"https:\/\/gelateriaalafrescaestartit.com\/wp-content\/uploads\/2025\/06\/alafresca-49.webp\" loading=\"lazy\" alt=\"Image gallery marquee\"><\/div><figcaption class=\"deensimc-image-marquee-caption\"><\/figcaption><\/figure>\t\t\t\t\t<\/div>\n\t\t\t\t<\/div>\n\t\t\t<\/div>\n\t\t\t\t\t<\/div>\n\t\t\t\t<\/div>\n\t\t\t\t<noscript>\n\t\t\t<div class=\"deensimc-noscript-notice\" role=\"note\">\n\t\t\t\tThis section requires JavaScript to load properly. Please enable JavaScript in your browser and reload the page.\t\t\t<\/div>\n\t\t<\/noscript>\n\t\t<\/div>\n\t\t\t\t<\/div>","protected":false},"excerpt":{"rendered":"<p>Helader\u00eda Artesanal En Alafresca elaboramos cada sabor con cari\u00f1o y tradici\u00f3n familiar. Si algo nos destaca como una de las mejores helader\u00edas artesanas de la Costa Brava son nuestros sabores aut\u00e9nticos y naturales. conseguidos gracias a ingredientes localmente que recogemos personalmente. Helados \ud83c\udf68 Familia \u2764\ufe0f Felicidad \ud83d\ude01 Helados \ud83c\udf68 Familia \u2764\ufe0f Felicidad \ud83d\ude01 Helados \ud83c\udf68 [&hellip;]<\/p>","protected":false},"author":1,"featured_media":0,"parent":0,"menu_order":0,"comment_status":"closed","ping_status":"closed","template":"","meta":{"footnotes":""},"class_list":["post-108","page","type-page","status-publish","hentry"],"_links":{"self":[{"href":"https:\/\/gelateriaalafrescaestartit.com\/en\/wp-json\/wp\/v2\/pages\/108","targetHints":{"allow":["GET"]}}],"collection":[{"href":"https:\/\/gelateriaalafrescaestartit.com\/en\/wp-json\/wp\/v2\/pages"}],"about":[{"href":"https:\/\/gelateriaalafrescaestartit.com\/en\/wp-json\/wp\/v2\/types\/page"}],"author":[{"embeddable":true,"href":"https:\/\/gelateriaalafrescaestartit.com\/en\/wp-json\/wp\/v2\/users\/1"}],"replies":[{"embeddable":true,"href":"https:\/\/gelateriaalafrescaestartit.com\/en\/wp-json\/wp\/v2\/comments?post=108"}],"version-history":[{"count":98,"href":"https:\/\/gelateriaalafrescaestartit.com\/en\/wp-json\/wp\/v2\/pages\/108\/revisions"}],"predecessor-version":[{"id":1403,"href":"https:\/\/gelateriaalafrescaestartit.com\/en\/wp-json\/wp\/v2\/pages\/108\/revisions\/1403"}],"wp:attachment":[{"href":"https:\/\/gelateriaalafrescaestartit.com\/en\/wp-json\/wp\/v2\/media?parent=108"}],"curies":[{"name":"wp","href":"https:\/\/api.w.org\/{rel}","templated":true}]}}