{"id":433,"date":"2025-05-28T01:34:26","date_gmt":"2025-05-28T01:34:26","guid":{"rendered":"https:\/\/gelateriaalafrescaestartit.com\/?page_id=433"},"modified":"2025-07-02T16:18:52","modified_gmt":"2025-07-02T16:18:52","slug":"aviso-legal","status":"publish","type":"page","link":"https:\/\/gelateriaalafrescaestartit.com\/ca\/aviso-legal\/","title":{"rendered":"Av\u00eds legal"},"content":{"rendered":"<div data-elementor-type=\"wp-page\" data-elementor-id=\"433\" class=\"elementor elementor-433\" data-elementor-post-type=\"page\">\n\t\t\t\t<div class=\"elementor-element elementor-element-be18ee7 e-flex e-con-boxed e-con e-parent\" data-id=\"be18ee7\" data-element_type=\"container\" data-e-type=\"container\">\n\t\t\t\t\t<div class=\"e-con-inner\">\n\t\t\t\t<div class=\"elementor-element elementor-element-5f04637 elementor-widget elementor-widget-heading\" data-id=\"5f04637\" data-element_type=\"widget\" data-e-type=\"widget\" data-widget_type=\"heading.default\">\n\t\t\t\t\t<h2 class=\"elementor-heading-title elementor-size-default\">Av\u00eds legal<\/h2>\t\t\t\t<\/div>\n\t\t\t\t<div class=\"elementor-element elementor-element-2bc3dc8 elementor-widget elementor-widget-text-editor\" data-id=\"2bc3dc8\" data-element_type=\"widget\" data-e-type=\"widget\" data-widget_type=\"text-editor.default\">\n\t\t\t\t\t\t\t\t\t<div class=\"elementor-element elementor-element-7bedd3e elementor-icon-list--layout-traditional elementor-list-item-link-full_width elementor-widget elementor-widget-icon-list\" data-id=\"7bedd3e\" data-element_type=\"widget\" data-widget_type=\"icon-list.default\">\n<div class=\"elementor-widget-container\">\n<p>Benvingut a Gelatsalafresca.com, l\u2019espai virtual segur on trobar\u00e0s tot all\u00f2 relacionat amb la nostra deliciosa marca de gelats. D\u2019acord amb l\u2019article 10 de la Llei 34\/2002, de 11 de juliol, de Serveis de la Societat de la Informaci\u00f3 i del Comer\u00e7 Electr\u00f2nic, et proporcionem la seg\u00fcent informaci\u00f3:<\/p>\n<\/div>\n<\/div>\n<div class=\"elementor-element elementor-element-f0188ce elementor-widget elementor-widget-text-editor\" data-id=\"f0188ce\" data-element_type=\"widget\" data-widget_type=\"text-editor.default\">\n<div class=\"elementor-widget-container\">\n<p>1. Dades d\u2019Identificaci\u00f3 del Responsable:<br>\u2013 Denominaci\u00f3n social: Neucream Sl.<br>\u2013 CIF: B55286108<br>\u2013 Domicilio social: Pg. Mar\u00edtim, 39, 17258 L&#8217;Estartit, Girona<br>\u2013 Email: info@neucream.com<br>\u2013 Actividad: Venta de helados en negocio local.<\/p>\n<p>2. Finalitat de la P\u00e0gina Web:<br>La nostra p\u00e0gina t\u00e9 com a objectiu principal presentar la nostra marca i oferir un mitj\u00e0 de contacte directe.<\/p>\n<p>3. Usuaris:<br>En accedir i utilitzar el nostre lloc web, et converteixes en USUARI, acceptant els nostres termes d\u2019\u00fas. Tanmateix, aix\u00f2 no implica l\u2019inici d\u2019una relaci\u00f3 laboral o comercial.<\/p>\n<p>4. \u00das del Lloc Web i Captura d\u2019Informaci\u00f3:<br>4.1. \u00das del Lloc Web:<br>T\u2019oferim acc\u00e9s a continguts propietat de Neucream Sl. Acceptes fer un \u00fas adequat de la web, abstenant-te d\u2019activitats il\u00b7legals o que vulnerin drets.<\/p>\n<p>4.2. Captura d\u2019Informaci\u00f3:<br>\u2013 Formulari de contacte: Per fer servir aquest servei, l\u2019usuari proporciona el seu correu electr\u00f2nic, assumpte i nom.<br>\u2013 Cookies de seguiment: Consulta la nostra pol\u00edtica de cookies per a m\u00e9s detalls.<br>\u2013 Navegaci\u00f3n y Direcci\u00f3n IP: Al navegar por el sitio, se recopilan autom\u00e1ticamente datos como la direcci\u00f3n IP y la informaci\u00f3n del sistema.<\/p>\n<p>Pots donar-te de baixa en qualsevol moment dels nostres serveis i les teves dades estaran protegides segons la nostra pol\u00edtica de privacitat.<\/p>\n<p>5. Propietat Intel\u00b7lectual i Industrial:<br>Tots els drets de propietat intel\u00b7lectual i industrial de la nostra p\u00e0gina web i els seus elements s\u00f3n propietat de Neucream Sl. Queda prohibit qualsevol \u00fas no autoritzat dels continguts.<\/p>\n<p>6. Exclusi\u00f3n de Garant\u00edas y Responsabilidad:<br>No nos responsabilizamos de posibles da\u00f1os derivados del uso del sitio web, incluyendo errores en los contenidos o la transmisi\u00f3n de virus.<\/p>\n<p>7. Modificaciones:<br>Nos reservamos el derecho de modificar la web y sus contenidos sin previo aviso.<\/p>\n<p>8. Pol\u00edtica de Enlaces:<br>Los enlaces a nuestra web deben cumplir ciertas condiciones. No nos hacemos responsables de los contenidos de sitios web externos.<\/p>\n<p>9. Derecho de Exclusi\u00f3n:<br>Nos reservamos el derecho de denegar el acceso a usuarios que incumplan nuestras condiciones.<\/p>\n<p>10. Generalidades:<br>Tomaremos medidas legales contra el incumplimiento de estas condiciones y el uso indebido de nuestra web.<\/p>\n<p>11. Modificaci\u00f3n de las Condiciones y Duraci\u00f3n:<br>Nos reservamos el derecho de modificar estas condiciones, siendo publicadas debidamente.<\/p>\n<p>12. Reclamaciones y Dudas:<br>Si tienes alguna reclamaci\u00f3n o duda, cont\u00e1ctanos a trav\u00e9s de info@gelatsalafresca.com o por correo postal a la direcci\u00f3n indicada.<\/p>\n<p>13. Legislaci\u00f3n Aplicable y Jurisdicci\u00f3n:<br>Cualquier controversia se regir\u00e1 por la legislaci\u00f3n espa\u00f1ola y se resolver\u00e1 en los juzgados de La Bisbal o Girona.<\/p>\n<\/div>\n<\/div>\t\t\t\t\t\t\t\t<\/div>\n\t\t\t\t<div class=\"elementor-element elementor-element-aed15ef elementor-widget elementor-widget-spacer\" data-id=\"aed15ef\" data-element_type=\"widget\" data-e-type=\"widget\" data-widget_type=\"spacer.default\">\n\t\t\t\t\t\t\t<div class=\"elementor-spacer\">\n\t\t\t<div class=\"elementor-spacer-inner\"><\/div>\n\t\t<\/div>\n\t\t\t\t\t\t<\/div>\n\t\t\t\t\t<\/div>\n\t\t\t\t<\/div>\n\t\t\t\t<\/div>","protected":false},"excerpt":{"rendered":"<p>Aviso legal Bienvenido a Gelatsalafresca.com, el espacio virtual seguro donde encontrar\u00e1s todo lo relacionado con nuestra deliciosa marca de helados. Conforme al art\u00edculo 10 de la Ley 34\/2002, de 11 de julio, de Servicios de la Sociedad de la Informaci\u00f3n y del Comercio Electr\u00f3nico, te proporcionamos la siguiente informaci\u00f3n: 1. Datos de Identificaci\u00f3n del Responsable:\u2013 [&hellip;]<\/p>","protected":false},"author":1,"featured_media":0,"parent":0,"menu_order":0,"comment_status":"closed","ping_status":"closed","template":"","meta":{"footnotes":""},"class_list":["post-433","page","type-page","status-publish","hentry"],"_links":{"self":[{"href":"https:\/\/gelateriaalafrescaestartit.com\/ca\/wp-json\/wp\/v2\/pages\/433","targetHints":{"allow":["GET"]}}],"collection":[{"href":"https:\/\/gelateriaalafrescaestartit.com\/ca\/wp-json\/wp\/v2\/pages"}],"about":[{"href":"https:\/\/gelateriaalafrescaestartit.com\/ca\/wp-json\/wp\/v2\/types\/page"}],"author":[{"embeddable":true,"href":"https:\/\/gelateriaalafrescaestartit.com\/ca\/wp-json\/wp\/v2\/users\/1"}],"replies":[{"embeddable":true,"href":"https:\/\/gelateriaalafrescaestartit.com\/ca\/wp-json\/wp\/v2\/comments?post=433"}],"version-history":[{"count":10,"href":"https:\/\/gelateriaalafrescaestartit.com\/ca\/wp-json\/wp\/v2\/pages\/433\/revisions"}],"predecessor-version":[{"id":1345,"href":"https:\/\/gelateriaalafrescaestartit.com\/ca\/wp-json\/wp\/v2\/pages\/433\/revisions\/1345"}],"wp:attachment":[{"href":"https:\/\/gelateriaalafrescaestartit.com\/ca\/wp-json\/wp\/v2\/media?parent=433"}],"curies":[{"name":"wp","href":"https:\/\/api.w.org\/{rel}","templated":true}]}}