{"id":114,"date":"2025-05-27T01:59:47","date_gmt":"2025-05-27T01:59:47","guid":{"rendered":"https:\/\/gelateriaalafrescaestartit.com\/?page_id=114"},"modified":"2025-07-02T16:28:39","modified_gmt":"2025-07-02T16:28:39","slug":"politicas-de-privacidad","status":"publish","type":"page","link":"https:\/\/gelateriaalafrescaestartit.com\/ca\/politicas-de-privacidad\/","title":{"rendered":"Pol\u00edticas de privacidad"},"content":{"rendered":"<div data-elementor-type=\"wp-page\" data-elementor-id=\"114\" class=\"elementor elementor-114\" data-elementor-post-type=\"page\">\n\t\t\t\t<div class=\"elementor-element elementor-element-be18ee7 e-flex e-con-boxed e-con e-parent\" data-id=\"be18ee7\" data-element_type=\"container\" data-e-type=\"container\">\n\t\t\t\t\t<div class=\"e-con-inner\">\n\t\t\t\t<div class=\"elementor-element elementor-element-5f04637 elementor-widget elementor-widget-heading\" data-id=\"5f04637\" data-element_type=\"widget\" data-e-type=\"widget\" data-widget_type=\"heading.default\">\n\t\t\t\t\t<h2 class=\"elementor-heading-title elementor-size-default\">Pol\u00edticas de privacidad <\/h2>\t\t\t\t<\/div>\n\t\t\t\t<div class=\"elementor-element elementor-element-2bc3dc8 elementor-widget elementor-widget-text-editor\" data-id=\"2bc3dc8\" data-element_type=\"widget\" data-e-type=\"widget\" data-widget_type=\"text-editor.default\">\n\t\t\t\t\t\t\t\t\t<div class=\"elementor-element elementor-element-adc6671 elementor-icon-list--layout-traditional elementor-list-item-link-full_width elementor-widget elementor-widget-icon-list\" data-id=\"adc6671\" data-element_type=\"widget\" data-widget_type=\"icon-list.default\">\n<div class=\"elementor-widget-container\">\n<p>Neucream SL, en adelante \u00abNeucream\u00bb, informa a los usuarios que al aceptar esta Pol\u00edtica de Privacidad, otorgan su consentimiento expreso para que los datos personales proporcionados a trav\u00e9s del sitio web de la empresa sean tratados y almacenados de acuerdo con lo establecido a continuaci\u00f3n:<\/p>\n<\/div>\n<\/div>\n<div class=\"elementor-element elementor-element-06b54db elementor-widget elementor-widget-text-editor\" data-id=\"06b54db\" data-element_type=\"widget\" data-widget_type=\"text-editor.default\">\n<div class=\"elementor-widget-container\">\n<ul>\n<li><strong>Denominaci\u00f3n Social<\/strong>: Neucream SL<\/li>\n<li><strong>CIF<\/strong>: B55286108<\/li>\n<li><strong>Domicilio Social<\/strong>: Pg. Mar\u00edtim, 39, 17258 L&#8217;Estartit, Girona<\/li>\n<li><strong>Email<\/strong>:&nbsp;<a target=\"_new\">info@neucream.com<\/a><\/li>\n<li><strong>Actividad Social<\/strong>: Venta de helados en negocio local.<\/li>\n<\/ul>\n<p>Todos los datos personales ser\u00e1n tratados con las medidas de seguridad t\u00e9cnicas y organizativas requeridas por la legislaci\u00f3n aplicable.<\/p>\n<p>Esta Pol\u00edtica de Privacidad se aplica exclusivamente a los datos recopilados a trav\u00e9s del sitio web de Neucream y no a la informaci\u00f3n obtenida por terceros en otros sitios web.<\/p>\n<p><strong>1. Datos Personales<\/strong><\/p>\n<p>Se consideran datos personales toda informaci\u00f3n relacionada con una persona que el usuario proporcione al visitar el sitio web, como nombre, correo electr\u00f3nico y direcci\u00f3n.<\/p>\n<p><strong>2. Finalidad del Tratamiento de Datos<\/strong><\/p>\n<p>Los datos se recopilan con el fin de proporcionar informaci\u00f3n sobre la marca, ofrecer datos de contacto para comunicarse con Neucream y cualquier otra finalidad relacionada con la actividad de la empresa.<\/p>\n<p><strong>3. Consentimiento y Legitimaci\u00f3n<\/strong><\/p>\n<p>El tratamiento de datos se realiza con el consentimiento expreso del usuario, el cual puede ser revocado en cualquier momento.<\/p>\n<p><strong>4. Seguridad de Datos<\/strong><\/p>\n<p>Neucream implementa medidas de seguridad para proteger los datos personales contra accesos no autorizados, alteraciones, p\u00e9rdidas o cualquier forma de tratamiento no autorizado.<\/p>\n<p><strong>5. Derechos de los Usuarios<\/strong><\/p>\n<p>Los usuarios tienen derecho a acceder, rectificar, limitar u oponerse al tratamiento de sus datos personales, as\u00ed como a solicitar su eliminaci\u00f3n.<\/p>\n<p><strong>6. Modificaci\u00f3n de la Pol\u00edtica de Privacidad<\/strong><\/p>\n<p>Neucream se reserva el derecho de modificar su Pol\u00edtica de Privacidad, notificando cualquier cambio con antelaci\u00f3n.<\/p>\n<p><strong>7. Responsable del Fichero y Encargados del Tratamiento<\/strong><\/p>\n<p>Neucream es responsable del fichero de datos y utiliza servicios de terceros para el tratamiento de datos, como proveedores de hosting y plataformas de correo electr\u00f3nico.<\/p>\n<p><strong>8. Aceptaci\u00f3n, Consentimiento y Revocabilidad<\/strong><\/p>\n<p>Los usuarios aceptan y consienten el tratamiento de sus datos personales de acuerdo con la Pol\u00edtica de Privacidad de Neucream, con derecho a revocar su consentimiento en cualquier momento.<\/p>\n<p><strong>9. Cambios en la Pol\u00edtica de Privacidad<\/strong><\/p>\n<p>Neucream se reserva el derecho de modificar su Pol\u00edtica de Privacidad para adaptarla a cambios legislativos o de la industria, notificando cualquier cambio con antelaci\u00f3n.<\/p>\n<p>Se recomienda a los usuarios revisar la Pol\u00edtica de Privacidad completa en el sitio web de Neucream para obtener informaci\u00f3n detallada sobre el tratamiento de sus datos personales.<\/p>\n<\/div>\n<\/div>\t\t\t\t\t\t\t\t<\/div>\n\t\t\t\t<div class=\"elementor-element elementor-element-aed15ef elementor-widget elementor-widget-spacer\" data-id=\"aed15ef\" data-element_type=\"widget\" data-e-type=\"widget\" data-widget_type=\"spacer.default\">\n\t\t\t\t\t\t\t<div class=\"elementor-spacer\">\n\t\t\t<div class=\"elementor-spacer-inner\"><\/div>\n\t\t<\/div>\n\t\t\t\t\t\t<\/div>\n\t\t\t\t\t<\/div>\n\t\t\t\t<\/div>\n\t\t\t\t<\/div>","protected":false},"excerpt":{"rendered":"<p>Pol\u00edticas de privacidad Neucream SL, en adelante \u00abNeucream\u00bb, informa a los usuarios que al aceptar esta Pol\u00edtica de Privacidad, otorgan su consentimiento expreso para que los datos personales proporcionados a trav\u00e9s del sitio web de la empresa sean tratados y almacenados de acuerdo con lo establecido a continuaci\u00f3n: Denominaci\u00f3n Social: Neucream SL CIF: B55286108 Domicilio [&hellip;]<\/p>","protected":false},"author":1,"featured_media":0,"parent":0,"menu_order":0,"comment_status":"closed","ping_status":"closed","template":"","meta":{"footnotes":""},"class_list":["post-114","page","type-page","status-publish","hentry"],"_links":{"self":[{"href":"https:\/\/gelateriaalafrescaestartit.com\/ca\/wp-json\/wp\/v2\/pages\/114","targetHints":{"allow":["GET"]}}],"collection":[{"href":"https:\/\/gelateriaalafrescaestartit.com\/ca\/wp-json\/wp\/v2\/pages"}],"about":[{"href":"https:\/\/gelateriaalafrescaestartit.com\/ca\/wp-json\/wp\/v2\/types\/page"}],"author":[{"embeddable":true,"href":"https:\/\/gelateriaalafrescaestartit.com\/ca\/wp-json\/wp\/v2\/users\/1"}],"replies":[{"embeddable":true,"href":"https:\/\/gelateriaalafrescaestartit.com\/ca\/wp-json\/wp\/v2\/comments?post=114"}],"version-history":[{"count":10,"href":"https:\/\/gelateriaalafrescaestartit.com\/ca\/wp-json\/wp\/v2\/pages\/114\/revisions"}],"predecessor-version":[{"id":1348,"href":"https:\/\/gelateriaalafrescaestartit.com\/ca\/wp-json\/wp\/v2\/pages\/114\/revisions\/1348"}],"wp:attachment":[{"href":"https:\/\/gelateriaalafrescaestartit.com\/ca\/wp-json\/wp\/v2\/media?parent=114"}],"curies":[{"name":"wp","href":"https:\/\/api.w.org\/{rel}","templated":true}]}}